{"id":4400,"date":"2021-10-12T15:51:09","date_gmt":"2021-10-12T15:51:09","guid":{"rendered":"http:\/\/dummy.xtemos.com\/woodmart2\/elementor\/?page_id=4400"},"modified":"2025-01-15T13:48:23","modified_gmt":"2025-01-15T10:48:23","slug":"hakkimizda","status":"publish","type":"page","link":"https:\/\/inegolosgb.com\/index.php\/hakkimizda\/","title":{"rendered":"Hakk\u0131m\u0131zda"},"content":{"rendered":"\t\t<div data-elementor-type=\"wp-page\" data-elementor-id=\"4400\" class=\"elementor elementor-4400\">\n\t\t\t\t\t\t\t<div class=\"wd-negative-gap elementor-element elementor-element-9b9c55b e-flex e-con-boxed wd-section-disabled e-con e-parent\" data-id=\"9b9c55b\" data-element_type=\"container\" data-settings=\"{&quot;content_width&quot;:&quot;boxed&quot;}\" data-core-v316-plus=\"true\">\n\t\t\t\t\t<div class=\"e-con-inner\">\n\t\t\t\t<div class=\"elementor-element elementor-element-5f41a25 elementor-widget elementor-widget-wd_title\" data-id=\"5f41a25\" data-element_type=\"widget\" data-widget_type=\"wd_title.default\">\n\t\t\t\t<div class=\"elementor-widget-container\">\n\t\t\t\t\t<div class=\"title-wrapper set-mb-s reset-last-child wd-title-color-default wd-title-style-default wd-title-size-default text-center\">\n\n\t\t\t\t\t\t\t<div class=\"title-subtitle subtitle-color-default subtitle-style-default wd-fontsize-xs\">\n\t\t\t\t\t\u0130negolosgb\t\t\t\t<\/div>\n\t\t\t\n\t\t\t<div class=\"liner-continer\">\n\t\t\t\t<h1 class=\"woodmart-title-container title wd-fontsize-l\">Hakk\u0131m\u0131zda<\/h1> \n\t\t\t\t\t\t\t<\/div>\n\n\t\t\t\t\t<\/div>\n\t\t\t\t<\/div>\n\t\t\t\t<\/div>\n\t\t\t\t<div class=\"elementor-element elementor-element-19bc1ba elementor-widget elementor-widget-wd_text_block\" data-id=\"19bc1ba\" data-element_type=\"widget\" data-widget_type=\"wd_text_block.default\">\n\t\t\t\t<div class=\"elementor-widget-container\">\n\t\t\t\t\t<div class=\"wd-text-block reset-last-child text-left\">\n\t\t\t\n\t\t\t<p>\u00dclkemizin ekonomisine katk\u0131 sa\u011flayan yeni istihdam alanlar\u0131 olu\u015fturan firmalar\u0131m\u0131z\u0131n kaynaklar\u0131n\u0131n verimli kullan\u0131lmas\u0131n\u0131 sa\u011flamak, ergonomik \u00e7al\u0131\u015fma ko\u015fullar\u0131n\u0131n sa\u011flanarak \u00fcretimde art\u0131\u015flar\u0131n\u0131n ve kazan\u00e7lar\u0131n\u0131n art\u0131r\u0131lmas\u0131n\u0131 sa\u011flamak, i\u015fg\u00fcc\u00fc , zaman ve maddi kay\u0131plar\u0131na engel olmak, tasarruflu ve \u00e7evreye duyarl\u0131 \u00e7al\u0131\u015fmalar\u0131na yard\u0131mc\u0131 olmak, i\u015f sa\u011fl\u0131\u011f\u0131 ve g\u00fcvenli\u011fi alan\u0131nda onlara en iyi \u00e7\u00f6z\u00fcm orta\u011f\u0131 olmak,<\/p><p>Hizmet verdi\u011fimiz firmalar\u0131m\u0131z i\u00e7in emek veren ,al\u0131n teri d\u00f6ken de\u011ferli \u00e7al\u0131\u015fan n\u00fcfusumuzu ise olas\u0131 \u0130\u015f kazalar\u0131na ve meslek hastal\u0131klar\u0131na kar\u015f\u0131 e\u011fitmek, korumak, periyodik muayenelerini ve sa\u011fl\u0131k taramalar\u0131n\u0131 yaparak erken tan\u0131 ve tedavi imkan\u0131n\u0131 sa\u011flamak, kal\u0131c\u0131 sakatl\u0131klar\u0131n\u0131 ve kay\u0131plar\u0131n\u0131 \u00f6nlemek, sa\u011fl\u0131kl\u0131, mutlu bireyler olarak ya\u015famalar\u0131n\u0131 ve kazanmalar\u0131n\u0131 sa\u011flamak, Sa\u011fl\u0131kl\u0131 \u00e7al\u0131\u015fan, \u00fcreten bir toplumla \u00fclkemizin g\u00fcc\u00fcne g\u00fc\u00e7 katmakt\u0131r.<\/p><p>Mesleki etik de\u011ferlere sayg\u0131l\u0131, i\u00e7inde bulundu\u011fu sekt\u00f6r\u00fcn b\u00fct\u00fcn sorumluluklar\u0131n\u0131 bilen ve ta\u015f\u0131yan faaliyette bulundu\u011fu her b\u00f6lgede i\u015f sa\u011fl\u0131\u011f\u0131 ve g\u00fcvenli\u011fi alan\u0131nda sekt\u00f6r\u00fcn lideri olmay\u0131 hedefleyen, \u00c7al\u0131\u015fanlar\u0131m\u0131z\u0131n kariyer planlar\u0131n\u0131 yapmak istedikleri, uzman personel kadrosunu s\u00fcrekli geli\u015ftiren, \u00e7o\u011faltan ve e\u011fiten nitelikli uzman kadrolar\u0131n \u00e7al\u0131\u015fmak istedi\u011fi kurumsal bir yap\u0131d\u0131r.<\/p>\n\t\t\t\t\t<\/div>\n\t\t\t\t<\/div>\n\t\t\t\t<\/div>\n\t\t\t\t\t<\/div>\n\t\t\t\t<\/div>\n\t\t\t\t\t\t\t<\/div>\n\t\t","protected":false},"excerpt":{"rendered":"<p>\u0130negolosgb Hakk\u0131m\u0131zda \u00dclkemizin ekonomisine katk\u0131 sa\u011flayan yeni istihdam alanlar\u0131 olu\u015fturan firmalar\u0131m\u0131z\u0131n kaynaklar\u0131n\u0131n verimli kullan\u0131lmas\u0131n\u0131 sa\u011flamak, ergonomik \u00e7al\u0131\u015fma ko\u015fullar\u0131n\u0131n sa\u011flanarak \u00fcretimde<\/p>\n","protected":false},"author":1,"featured_media":0,"parent":0,"menu_order":0,"comment_status":"closed","ping_status":"closed","template":"","meta":{"footnotes":""},"class_list":["post-4400","page","type-page","status-publish","hentry"],"yoast_head":"<!-- This site is optimized with the Yoast SEO plugin v21.1 - https:\/\/yoast.com\/wordpress\/plugins\/seo\/ -->\n<title>Hakk\u0131m\u0131zda - \u0130negolosgb<\/title>\n<meta name=\"robots\" content=\"index, follow, max-snippet:-1, max-image-preview:large, max-video-preview:-1\" \/>\n<link rel=\"canonical\" href=\"https:\/\/inegolosgb.com\/index.php\/hakkimizda\/\" \/>\n<meta property=\"og:locale\" content=\"tr_TR\" \/>\n<meta property=\"og:type\" content=\"article\" \/>\n<meta property=\"og:title\" content=\"Hakk\u0131m\u0131zda - \u0130negolosgb\" \/>\n<meta property=\"og:description\" content=\"\u0130negolosgb Hakk\u0131m\u0131zda \u00dclkemizin ekonomisine katk\u0131 sa\u011flayan yeni istihdam alanlar\u0131 olu\u015fturan firmalar\u0131m\u0131z\u0131n kaynaklar\u0131n\u0131n verimli kullan\u0131lmas\u0131n\u0131 sa\u011flamak, ergonomik \u00e7al\u0131\u015fma ko\u015fullar\u0131n\u0131n sa\u011flanarak \u00fcretimde\" \/>\n<meta property=\"og:url\" content=\"https:\/\/inegolosgb.com\/index.php\/hakkimizda\/\" \/>\n<meta property=\"og:site_name\" content=\"\u0130negolosgb\" \/>\n<meta property=\"article:modified_time\" content=\"2025-01-15T10:48:23+00:00\" \/>\n<meta name=\"twitter:card\" content=\"summary_large_image\" \/>\n<meta name=\"twitter:label1\" content=\"Tahmini okuma s\u00fcresi\" \/>\n\t<meta name=\"twitter:data1\" content=\"1 dakika\" \/>\n<script type=\"application\/ld+json\" class=\"yoast-schema-graph\">{\"@context\":\"https:\/\/schema.org\",\"@graph\":[{\"@type\":\"WebPage\",\"@id\":\"https:\/\/inegolosgb.com\/index.php\/hakkimizda\/\",\"url\":\"https:\/\/inegolosgb.com\/index.php\/hakkimizda\/\",\"name\":\"Hakk\u0131m\u0131zda - \u0130negolosgb\",\"isPartOf\":{\"@id\":\"https:\/\/inegolosgb.com\/#website\"},\"datePublished\":\"2021-10-12T15:51:09+00:00\",\"dateModified\":\"2025-01-15T10:48:23+00:00\",\"breadcrumb\":{\"@id\":\"https:\/\/inegolosgb.com\/index.php\/hakkimizda\/#breadcrumb\"},\"inLanguage\":\"tr\",\"potentialAction\":[{\"@type\":\"ReadAction\",\"target\":[\"https:\/\/inegolosgb.com\/index.php\/hakkimizda\/\"]}]},{\"@type\":\"BreadcrumbList\",\"@id\":\"https:\/\/inegolosgb.com\/index.php\/hakkimizda\/#breadcrumb\",\"itemListElement\":[{\"@type\":\"ListItem\",\"position\":1,\"name\":\"Anasayfa\",\"item\":\"https:\/\/inegolosgb.com\/\"},{\"@type\":\"ListItem\",\"position\":2,\"name\":\"Hakk\u0131m\u0131zda\"}]},{\"@type\":\"WebSite\",\"@id\":\"https:\/\/inegolosgb.com\/#website\",\"url\":\"https:\/\/inegolosgb.com\/\",\"name\":\"\u0130negolosgb\",\"description\":\"\",\"publisher\":{\"@id\":\"https:\/\/inegolosgb.com\/#organization\"},\"potentialAction\":[{\"@type\":\"SearchAction\",\"target\":{\"@type\":\"EntryPoint\",\"urlTemplate\":\"https:\/\/inegolosgb.com\/?s={search_term_string}\"},\"query-input\":\"required name=search_term_string\"}],\"inLanguage\":\"tr\"},{\"@type\":\"Organization\",\"@id\":\"https:\/\/inegolosgb.com\/#organization\",\"name\":\"\u0130negolosgb\",\"url\":\"https:\/\/inegolosgb.com\/\",\"logo\":{\"@type\":\"ImageObject\",\"inLanguage\":\"tr\",\"@id\":\"https:\/\/inegolosgb.com\/#\/schema\/logo\/image\/\",\"url\":\"https:\/\/i0.wp.com\/inegolosgb.com\/wp-content\/uploads\/2023\/09\/inegolosgb-logo.png?fit=951%2C163&ssl=1\",\"contentUrl\":\"https:\/\/i0.wp.com\/inegolosgb.com\/wp-content\/uploads\/2023\/09\/inegolosgb-logo.png?fit=951%2C163&ssl=1\",\"width\":951,\"height\":163,\"caption\":\"\u0130negolosgb\"},\"image\":{\"@id\":\"https:\/\/inegolosgb.com\/#\/schema\/logo\/image\/\"}}]}<\/script>\n<!-- \/ Yoast SEO plugin. -->","yoast_head_json":{"title":"Hakk\u0131m\u0131zda - \u0130negolosgb","robots":{"index":"index","follow":"follow","max-snippet":"max-snippet:-1","max-image-preview":"max-image-preview:large","max-video-preview":"max-video-preview:-1"},"canonical":"https:\/\/inegolosgb.com\/index.php\/hakkimizda\/","og_locale":"tr_TR","og_type":"article","og_title":"Hakk\u0131m\u0131zda - \u0130negolosgb","og_description":"\u0130negolosgb Hakk\u0131m\u0131zda \u00dclkemizin ekonomisine katk\u0131 sa\u011flayan yeni istihdam alanlar\u0131 olu\u015fturan firmalar\u0131m\u0131z\u0131n kaynaklar\u0131n\u0131n verimli kullan\u0131lmas\u0131n\u0131 sa\u011flamak, ergonomik \u00e7al\u0131\u015fma ko\u015fullar\u0131n\u0131n sa\u011flanarak \u00fcretimde","og_url":"https:\/\/inegolosgb.com\/index.php\/hakkimizda\/","og_site_name":"\u0130negolosgb","article_modified_time":"2025-01-15T10:48:23+00:00","twitter_card":"summary_large_image","twitter_misc":{"Tahmini okuma s\u00fcresi":"1 dakika"},"schema":{"@context":"https:\/\/schema.org","@graph":[{"@type":"WebPage","@id":"https:\/\/inegolosgb.com\/index.php\/hakkimizda\/","url":"https:\/\/inegolosgb.com\/index.php\/hakkimizda\/","name":"Hakk\u0131m\u0131zda - \u0130negolosgb","isPartOf":{"@id":"https:\/\/inegolosgb.com\/#website"},"datePublished":"2021-10-12T15:51:09+00:00","dateModified":"2025-01-15T10:48:23+00:00","breadcrumb":{"@id":"https:\/\/inegolosgb.com\/index.php\/hakkimizda\/#breadcrumb"},"inLanguage":"tr","potentialAction":[{"@type":"ReadAction","target":["https:\/\/inegolosgb.com\/index.php\/hakkimizda\/"]}]},{"@type":"BreadcrumbList","@id":"https:\/\/inegolosgb.com\/index.php\/hakkimizda\/#breadcrumb","itemListElement":[{"@type":"ListItem","position":1,"name":"Anasayfa","item":"https:\/\/inegolosgb.com\/"},{"@type":"ListItem","position":2,"name":"Hakk\u0131m\u0131zda"}]},{"@type":"WebSite","@id":"https:\/\/inegolosgb.com\/#website","url":"https:\/\/inegolosgb.com\/","name":"\u0130negolosgb","description":"","publisher":{"@id":"https:\/\/inegolosgb.com\/#organization"},"potentialAction":[{"@type":"SearchAction","target":{"@type":"EntryPoint","urlTemplate":"https:\/\/inegolosgb.com\/?s={search_term_string}"},"query-input":"required name=search_term_string"}],"inLanguage":"tr"},{"@type":"Organization","@id":"https:\/\/inegolosgb.com\/#organization","name":"\u0130negolosgb","url":"https:\/\/inegolosgb.com\/","logo":{"@type":"ImageObject","inLanguage":"tr","@id":"https:\/\/inegolosgb.com\/#\/schema\/logo\/image\/","url":"https:\/\/i0.wp.com\/inegolosgb.com\/wp-content\/uploads\/2023\/09\/inegolosgb-logo.png?fit=951%2C163&ssl=1","contentUrl":"https:\/\/i0.wp.com\/inegolosgb.com\/wp-content\/uploads\/2023\/09\/inegolosgb-logo.png?fit=951%2C163&ssl=1","width":951,"height":163,"caption":"\u0130negolosgb"},"image":{"@id":"https:\/\/inegolosgb.com\/#\/schema\/logo\/image\/"}}]}},"_links":{"self":[{"href":"https:\/\/inegolosgb.com\/index.php\/wp-json\/wp\/v2\/pages\/4400","targetHints":{"allow":["GET"]}}],"collection":[{"href":"https:\/\/inegolosgb.com\/index.php\/wp-json\/wp\/v2\/pages"}],"about":[{"href":"https:\/\/inegolosgb.com\/index.php\/wp-json\/wp\/v2\/types\/page"}],"author":[{"embeddable":true,"href":"https:\/\/inegolosgb.com\/index.php\/wp-json\/wp\/v2\/users\/1"}],"replies":[{"embeddable":true,"href":"https:\/\/inegolosgb.com\/index.php\/wp-json\/wp\/v2\/comments?post=4400"}],"version-history":[{"count":7,"href":"https:\/\/inegolosgb.com\/index.php\/wp-json\/wp\/v2\/pages\/4400\/revisions"}],"predecessor-version":[{"id":15688,"href":"https:\/\/inegolosgb.com\/index.php\/wp-json\/wp\/v2\/pages\/4400\/revisions\/15688"}],"wp:attachment":[{"href":"https:\/\/inegolosgb.com\/index.php\/wp-json\/wp\/v2\/media?parent=4400"}],"curies":[{"name":"wp","href":"https:\/\/api.w.org\/{rel}","templated":true}]}}