{"id":4439,"date":"2021-10-12T16:27:24","date_gmt":"2021-10-12T16:27:24","guid":{"rendered":"http:\/\/dummy.xtemos.com\/woodmart2\/elementor\/?page_id=4439"},"modified":"2025-01-15T13:48:47","modified_gmt":"2025-01-15T10:48:47","slug":"iletisim","status":"publish","type":"page","link":"https:\/\/inegolosgb.com\/index.php\/iletisim\/","title":{"rendered":"\u0130leti\u015fim"},"content":{"rendered":"\t\t<div data-elementor-type=\"wp-page\" data-elementor-id=\"4439\" class=\"elementor elementor-4439\">\n\t\t\t\t\t\t\t\t\t<section class=\"wd-negative-gap elementor-section elementor-top-section elementor-element elementor-element-3eae2951 wd-section-stretch-content elementor-section-boxed elementor-section-height-default elementor-section-height-default\" data-id=\"3eae2951\" data-element_type=\"section\">\n\t\t\t\t\t\t<div class=\"elementor-container elementor-column-gap-no\">\n\t\t\t\t\t<div class=\"elementor-column elementor-col-100 elementor-top-column elementor-element elementor-element-23fe8bcd\" data-id=\"23fe8bcd\" data-element_type=\"column\">\n\t\t\t<div class=\"elementor-widget-wrap elementor-element-populated\">\n\t\t\t\t\t\t\t\t<div class=\"elementor-element elementor-element-38a0a87 elementor-widget elementor-widget-google_maps\" data-id=\"38a0a87\" data-element_type=\"widget\" data-widget_type=\"google_maps.default\">\n\t\t\t\t<div class=\"elementor-widget-container\">\n\t\t\t<style>\/*! elementor - v3.16.0 - 13-09-2023 *\/\n.elementor-widget-google_maps .elementor-widget-container{overflow:hidden}.elementor-widget-google_maps .elementor-custom-embed{line-height:0}.elementor-widget-google_maps iframe{height:300px}<\/style>\t\t<div class=\"elementor-custom-embed\">\n\t\t\t<iframe loading=\"lazy\"\n\t\t\t\t\tsrc=\"https:\/\/maps.google.com\/maps?q=Turgutalp%20Mah.%20Mimar%20Sinan%20Cad.%20NO%3A32-34%20A%20%C4%B0neg%C3%B6l-Bursa&#038;t=m&#038;z=16&#038;output=embed&#038;iwloc=near\"\n\t\t\t\t\ttitle=\"Turgutalp Mah. Mimar Sinan Cad. NO:32-34 A \u0130neg\u00f6l-Bursa\"\n\t\t\t\t\taria-label=\"Turgutalp Mah. Mimar Sinan Cad. NO:32-34 A \u0130neg\u00f6l-Bursa\"\n\t\t\t><\/iframe>\n\t\t<\/div>\n\t\t\t\t<\/div>\n\t\t\t\t<\/div>\n\t\t\t\t\t<\/div>\n\t\t<\/div>\n\t\t\t\t\t\t\t<\/div>\n\t\t<\/section>\n\t\t\t\t<section class=\"wd-negative-gap elementor-section elementor-top-section elementor-element elementor-element-1c9344a2 elementor-section-boxed elementor-section-height-default elementor-section-height-default wd-section-disabled\" data-id=\"1c9344a2\" data-element_type=\"section\">\n\t\t\t\t\t\t<div class=\"elementor-container elementor-column-gap-default\">\n\t\t\t\t\t<div class=\"elementor-column elementor-col-50 elementor-top-column elementor-element elementor-element-a4e7846\" data-id=\"a4e7846\" data-element_type=\"column\">\n\t\t\t<div class=\"elementor-widget-wrap elementor-element-populated\">\n\t\t\t\t\t\t\t\t<div class=\"elementor-element elementor-element-779d5db5 elementor-widget elementor-widget-wd_title\" data-id=\"779d5db5\" data-element_type=\"widget\" data-widget_type=\"wd_title.default\">\n\t\t\t\t<div class=\"elementor-widget-container\">\n\t\t\t\t\t<div class=\"title-wrapper set-mb-s reset-last-child wd-title-color-default wd-title-style-default wd-title-size-default text-left\">\n\n\t\t\t\t\t\t\t<div class=\"title-subtitle subtitle-color-default subtitle-style-default wd-fontsize-xs\">\n\t\t\t\t\t\u0130negolosgb\t\t\t\t<\/div>\n\t\t\t\n\t\t\t<div class=\"liner-continer\">\n\t\t\t\t<h4 class=\"woodmart-title-container title wd-fontsize-l\">Hakk\u0131m\u0131zdaki Bilgiler<\/h4> \n\t\t\t\t\t\t\t<\/div>\n\n\t\t\t\t\t<\/div>\n\t\t\t\t<\/div>\n\t\t\t\t<\/div>\n\t\t\t\t<div class=\"elementor-element elementor-element-98ebe93 elementor-widget elementor-widget-wd_text_block\" data-id=\"98ebe93\" data-element_type=\"widget\" data-widget_type=\"wd_text_block.default\">\n\t\t\t\t<div class=\"elementor-widget-container\">\n\t\t\t\t\t<div class=\"wd-text-block reset-last-child text-left\">\n\t\t\t\n\t\t\t<p>\u00dclkemizin ekonomisine katk\u0131 sa\u011flayan yeni istihdam alanlar\u0131 olu\u015fturan firmalar\u0131m\u0131z\u0131n kaynaklar\u0131n\u0131n verimli kullan\u0131lmas\u0131n\u0131 sa\u011flamak, ergonomik \u00e7al\u0131\u015fma ko\u015fullar\u0131n\u0131n sa\u011flanarak \u00fcretimde art\u0131\u015flar\u0131n\u0131n ve kazan\u00e7lar\u0131n\u0131n art\u0131r\u0131lmas\u0131n\u0131 sa\u011flamak, i\u015fg\u00fcc\u00fc , zaman ve maddi kay\u0131plar\u0131na engel olmak, tasarruflu ve \u00e7evreye duyarl\u0131 \u00e7al\u0131\u015fmalar\u0131na yard\u0131mc\u0131 olmak, i\u015f sa\u011fl\u0131\u011f\u0131 ve g\u00fcvenli\u011fi alan\u0131nda onlara en iyi \u00e7\u00f6z\u00fcm orta\u011f\u0131 olmak,<\/p><p>Hizmet verdi\u011fimiz firmalar\u0131m\u0131z i\u00e7in emek veren ,al\u0131n teri d\u00f6ken de\u011ferli \u00e7al\u0131\u015fan n\u00fcfusumuzu ise olas\u0131 \u0130\u015f kazalar\u0131na ve meslek hastal\u0131klar\u0131na kar\u015f\u0131 e\u011fitmek, korumak, periyodik muayenelerini ve sa\u011fl\u0131k taramalar\u0131n\u0131 yaparak erken tan\u0131 ve tedavi imkan\u0131n\u0131 sa\u011flamak, kal\u0131c\u0131 sakatl\u0131klar\u0131n\u0131 ve kay\u0131plar\u0131n\u0131 \u00f6nlemek, sa\u011fl\u0131kl\u0131, mutlu bireyler olarak ya\u015famalar\u0131n\u0131 ve kazanmalar\u0131n\u0131 sa\u011flamak, Sa\u011fl\u0131kl\u0131 \u00e7al\u0131\u015fan, \u00fcreten bir toplumla \u00fclkemizin g\u00fcc\u00fcne g\u00fc\u00e7 katmakt\u0131r.<\/p>\n\t\t\t\t\t<\/div>\n\t\t\t\t<\/div>\n\t\t\t\t<\/div>\n\t\t\t\t<div class=\"elementor-element elementor-element-ce186b3 elementor-widget elementor-widget-wd_list\" data-id=\"ce186b3\" data-element_type=\"widget\" data-widget_type=\"wd_list.default\">\n\t\t\t\t<div class=\"elementor-widget-container\">\n\t\t\t\t\t<ul class=\"wd-list color-scheme- wd-fontsize-xs wd-list-type-icon wd-list-style-default wd-justify-left\">\n\t\t\t\t\t\t\t\t\t\t\t<li class=\"elementor-repeater-item-80be36b\">\n\t\t\t\t\t\t\t\t\t\t\t<span class=\"list-icon fas fa-check\"><\/span>\t\t\t\t\t\n\t\t\t\t\t<span class=\"list-content\">\n\t\t\t\t\t\tAdres: Turgutalp Mah. Mimar Sinan Cad. NO:32-34 A \u0130neg\u00f6l-Bursa\t\t\t\t\t<\/span>\n\n\t\t\t\t\t\t\t\t\t<\/li>\n\t\t\t\t\t\t\t\t\t\t\t<li class=\"elementor-repeater-item-c383cf6\">\n\t\t\t\t\t\t\t\t\t\t\t<span class=\"list-icon fas fa-check\"><\/span>\t\t\t\t\t\n\t\t\t\t\t<span class=\"list-content\">\n\t\t\t\t\t\tTel: 0 (224) 715 74 74 - 0 (544) 715 74 74\t\t\t\t\t<\/span>\n\n\t\t\t\t\t\n\t\t\t\t\t\t<a  href=\"tel:%200%20(224)%20715%2074%2074\" class=\"wd-fill\" aria-label=\"List item link\"><\/a>\n\t\t\t\t\t\t\t\t\t<\/li>\n\t\t\t\t\t\t\t\t\t\t\t<li class=\"elementor-repeater-item-a511145\">\n\t\t\t\t\t\t\t\t\t\t\t<span class=\"list-icon fas fa-check\"><\/span>\t\t\t\t\t\n\t\t\t\t\t<span class=\"list-content\">\n\t\t\t\t\t\tEmail: osgbinegol@gmail.com\t\t\t\t\t<\/span>\n\n\t\t\t\t\t\t\t\t\t<\/li>\n\t\t\t\t\t<\/ul>\n\n\t\t\t\t<\/div>\n\t\t\t\t<\/div>\n\t\t\t\t\t<\/div>\n\t\t<\/div>\n\t\t\t\t<div class=\"elementor-column elementor-col-50 elementor-top-column elementor-element elementor-element-41bec3dc\" data-id=\"41bec3dc\" data-element_type=\"column\">\n\t\t\t<div class=\"elementor-widget-wrap elementor-element-populated\">\n\t\t\t\t\t\t\t\t<div class=\"elementor-element elementor-element-88ca337 elementor-widget elementor-widget-wd_title\" data-id=\"88ca337\" data-element_type=\"widget\" data-widget_type=\"wd_title.default\">\n\t\t\t\t<div class=\"elementor-widget-container\">\n\t\t\t\t\t<div class=\"title-wrapper set-mb-s reset-last-child wd-title-color-default wd-title-style-default wd-title-size-default text-left\">\n\n\t\t\t\t\t\t\t<div class=\"title-subtitle subtitle-color-default subtitle-style-default wd-fontsize-xs\">\n\t\t\t\t\t\u0130negolosgb\t\t\t\t<\/div>\n\t\t\t\n\t\t\t<div class=\"liner-continer\">\n\t\t\t\t<h4 class=\"woodmart-title-container title wd-fontsize-l\">Bizimle \u0130leti\u015fime Ge\u00e7in<\/h4> \n\t\t\t\t\t\t\t<\/div>\n\n\t\t\t\t\t<\/div>\n\t\t\t\t<\/div>\n\t\t\t\t<\/div>\n\t\t\t\t<div class=\"elementor-element elementor-element-5ce0072f elementor-widget elementor-widget-wd_contact_form_7\" data-id=\"5ce0072f\" data-element_type=\"widget\" data-widget_type=\"wd_contact_form_7.default\">\n\t\t\t\t<div class=\"elementor-widget-container\">\n\t\t\t\n<div class=\"wpcf7 no-js\" id=\"wpcf7-f1572-o1\" lang=\"en-US\" dir=\"ltr\">\n<div class=\"screen-reader-response\"><p role=\"status\" aria-live=\"polite\" aria-atomic=\"true\"><\/p> <ul><\/ul><\/div>\n<form action=\"\/index.php\/wp-json\/wp\/v2\/pages\/4439#wpcf7-f1572-o1\" method=\"post\" class=\"wpcf7-form init\" aria-label=\"Contact form\" novalidate=\"novalidate\" data-status=\"init\">\n<div style=\"display: none;\">\n<input type=\"hidden\" name=\"_wpcf7\" value=\"1572\" \/>\n<input type=\"hidden\" name=\"_wpcf7_version\" value=\"5.8\" \/>\n<input type=\"hidden\" name=\"_wpcf7_locale\" value=\"en_US\" \/>\n<input type=\"hidden\" name=\"_wpcf7_unit_tag\" value=\"wpcf7-f1572-o1\" \/>\n<input type=\"hidden\" name=\"_wpcf7_container_post\" value=\"0\" \/>\n<input type=\"hidden\" name=\"_wpcf7_posted_data_hash\" value=\"\" \/>\n<\/div>\n<div class=\"row\">\n\t<p class=\"col-md-6\"><label>\u0130sminiz<\/label><span class=\"wpcf7-form-control-wrap\" data-name=\"your-name\"><input size=\"40\" class=\"wpcf7-form-control wpcf7-text wpcf7-validates-as-required\" aria-required=\"true\" aria-invalid=\"false\" value=\"\" type=\"text\" name=\"your-name\" \/><\/span>\n\t<\/p>\n\t<p class=\"col-md-6\"><label>Mailiniz<\/label><span class=\"wpcf7-form-control-wrap\" data-name=\"your-email\"><input size=\"40\" class=\"wpcf7-form-control wpcf7-email wpcf7-validates-as-required wpcf7-text wpcf7-validates-as-email\" aria-required=\"true\" aria-invalid=\"false\" value=\"\" type=\"email\" name=\"your-email\" \/><\/span>\n\t<\/p>\n<\/div>\n<div class=\"row\">\n\t<p class=\"col-md-6\"><label>Numaran\u0131z<\/label><span class=\"wpcf7-form-control-wrap\" data-name=\"tel-767\"><input size=\"40\" class=\"wpcf7-form-control wpcf7-tel wpcf7-text wpcf7-validates-as-tel\" aria-invalid=\"false\" value=\"\" type=\"tel\" name=\"tel-767\" \/><\/span>\n\t<\/p>\n\t<p class=\"col-md-6\"><label>Konu<\/label><span class=\"wpcf7-form-control-wrap\" data-name=\"text-1\"><input size=\"40\" class=\"wpcf7-form-control wpcf7-text\" aria-invalid=\"false\" value=\"\" type=\"text\" name=\"text-1\" \/><\/span>\n\t<\/p>\n<\/div>\n<p><label>Mesaj\u0131n\u0131z<\/label><span class=\"wpcf7-form-control-wrap\" data-name=\"your-message\"><textarea cols=\"40\" rows=\"10\" class=\"wpcf7-form-control wpcf7-textarea\" aria-invalid=\"false\" name=\"your-message\"><\/textarea><\/span>\n<\/p>\n<p><input class=\"wpcf7-form-control wpcf7-submit has-spinner btn-color-black\" type=\"submit\" value=\"G\u00f6nder\" \/>\n<\/p><div class=\"wpcf7-response-output\" aria-hidden=\"true\"><\/div>\n<\/form>\n<\/div>\n\t\t<\/div>\n\t\t\t\t<\/div>\n\t\t\t\t\t<\/div>\n\t\t<\/div>\n\t\t\t\t\t\t\t<\/div>\n\t\t<\/section>\n\t\t\t\t\t\t\t<\/div>\n\t\t","protected":false},"excerpt":{"rendered":"<p>\u0130negolosgb Hakk\u0131m\u0131zdaki Bilgiler \u00dclkemizin ekonomisine katk\u0131 sa\u011flayan yeni istihdam alanlar\u0131 olu\u015fturan firmalar\u0131m\u0131z\u0131n kaynaklar\u0131n\u0131n verimli kullan\u0131lmas\u0131n\u0131 sa\u011flamak, ergonomik \u00e7al\u0131\u015fma ko\u015fullar\u0131n\u0131n sa\u011flanarak<\/p>\n","protected":false},"author":1,"featured_media":0,"parent":0,"menu_order":0,"comment_status":"closed","ping_status":"closed","template":"","meta":{"footnotes":""},"class_list":["post-4439","page","type-page","status-publish","hentry"],"yoast_head":"<!-- This site is optimized with the Yoast SEO plugin v21.1 - https:\/\/yoast.com\/wordpress\/plugins\/seo\/ -->\n<title>\u0130leti\u015fim - \u0130negolosgb<\/title>\n<meta name=\"robots\" content=\"index, follow, max-snippet:-1, max-image-preview:large, max-video-preview:-1\" \/>\n<link rel=\"canonical\" href=\"https:\/\/inegolosgb.com\/index.php\/iletisim\/\" \/>\n<meta property=\"og:locale\" content=\"tr_TR\" \/>\n<meta property=\"og:type\" content=\"article\" \/>\n<meta property=\"og:title\" content=\"\u0130leti\u015fim - \u0130negolosgb\" \/>\n<meta property=\"og:description\" content=\"\u0130negolosgb Hakk\u0131m\u0131zdaki Bilgiler \u00dclkemizin ekonomisine katk\u0131 sa\u011flayan yeni istihdam alanlar\u0131 olu\u015fturan firmalar\u0131m\u0131z\u0131n kaynaklar\u0131n\u0131n verimli kullan\u0131lmas\u0131n\u0131 sa\u011flamak, ergonomik \u00e7al\u0131\u015fma ko\u015fullar\u0131n\u0131n sa\u011flanarak\" \/>\n<meta property=\"og:url\" content=\"https:\/\/inegolosgb.com\/index.php\/iletisim\/\" \/>\n<meta property=\"og:site_name\" content=\"\u0130negolosgb\" \/>\n<meta property=\"article:modified_time\" content=\"2025-01-15T10:48:47+00:00\" \/>\n<meta name=\"twitter:card\" content=\"summary_large_image\" \/>\n<meta name=\"twitter:label1\" content=\"Tahmini okuma s\u00fcresi\" \/>\n\t<meta name=\"twitter:data1\" content=\"1 dakika\" \/>\n<script type=\"application\/ld+json\" class=\"yoast-schema-graph\">{\"@context\":\"https:\/\/schema.org\",\"@graph\":[{\"@type\":\"WebPage\",\"@id\":\"https:\/\/inegolosgb.com\/index.php\/iletisim\/\",\"url\":\"https:\/\/inegolosgb.com\/index.php\/iletisim\/\",\"name\":\"\u0130leti\u015fim - \u0130negolosgb\",\"isPartOf\":{\"@id\":\"https:\/\/inegolosgb.com\/#website\"},\"datePublished\":\"2021-10-12T16:27:24+00:00\",\"dateModified\":\"2025-01-15T10:48:47+00:00\",\"breadcrumb\":{\"@id\":\"https:\/\/inegolosgb.com\/index.php\/iletisim\/#breadcrumb\"},\"inLanguage\":\"tr\",\"potentialAction\":[{\"@type\":\"ReadAction\",\"target\":[\"https:\/\/inegolosgb.com\/index.php\/iletisim\/\"]}]},{\"@type\":\"BreadcrumbList\",\"@id\":\"https:\/\/inegolosgb.com\/index.php\/iletisim\/#breadcrumb\",\"itemListElement\":[{\"@type\":\"ListItem\",\"position\":1,\"name\":\"Anasayfa\",\"item\":\"https:\/\/inegolosgb.com\/\"},{\"@type\":\"ListItem\",\"position\":2,\"name\":\"\u0130leti\u015fim\"}]},{\"@type\":\"WebSite\",\"@id\":\"https:\/\/inegolosgb.com\/#website\",\"url\":\"https:\/\/inegolosgb.com\/\",\"name\":\"\u0130negolosgb\",\"description\":\"\",\"publisher\":{\"@id\":\"https:\/\/inegolosgb.com\/#organization\"},\"potentialAction\":[{\"@type\":\"SearchAction\",\"target\":{\"@type\":\"EntryPoint\",\"urlTemplate\":\"https:\/\/inegolosgb.com\/?s={search_term_string}\"},\"query-input\":\"required name=search_term_string\"}],\"inLanguage\":\"tr\"},{\"@type\":\"Organization\",\"@id\":\"https:\/\/inegolosgb.com\/#organization\",\"name\":\"\u0130negolosgb\",\"url\":\"https:\/\/inegolosgb.com\/\",\"logo\":{\"@type\":\"ImageObject\",\"inLanguage\":\"tr\",\"@id\":\"https:\/\/inegolosgb.com\/#\/schema\/logo\/image\/\",\"url\":\"https:\/\/i0.wp.com\/inegolosgb.com\/wp-content\/uploads\/2023\/09\/inegolosgb-logo.png?fit=951%2C163&ssl=1\",\"contentUrl\":\"https:\/\/i0.wp.com\/inegolosgb.com\/wp-content\/uploads\/2023\/09\/inegolosgb-logo.png?fit=951%2C163&ssl=1\",\"width\":951,\"height\":163,\"caption\":\"\u0130negolosgb\"},\"image\":{\"@id\":\"https:\/\/inegolosgb.com\/#\/schema\/logo\/image\/\"}}]}<\/script>\n<!-- \/ Yoast SEO plugin. -->","yoast_head_json":{"title":"\u0130leti\u015fim - \u0130negolosgb","robots":{"index":"index","follow":"follow","max-snippet":"max-snippet:-1","max-image-preview":"max-image-preview:large","max-video-preview":"max-video-preview:-1"},"canonical":"https:\/\/inegolosgb.com\/index.php\/iletisim\/","og_locale":"tr_TR","og_type":"article","og_title":"\u0130leti\u015fim - \u0130negolosgb","og_description":"\u0130negolosgb Hakk\u0131m\u0131zdaki Bilgiler \u00dclkemizin ekonomisine katk\u0131 sa\u011flayan yeni istihdam alanlar\u0131 olu\u015fturan firmalar\u0131m\u0131z\u0131n kaynaklar\u0131n\u0131n verimli kullan\u0131lmas\u0131n\u0131 sa\u011flamak, ergonomik \u00e7al\u0131\u015fma ko\u015fullar\u0131n\u0131n sa\u011flanarak","og_url":"https:\/\/inegolosgb.com\/index.php\/iletisim\/","og_site_name":"\u0130negolosgb","article_modified_time":"2025-01-15T10:48:47+00:00","twitter_card":"summary_large_image","twitter_misc":{"Tahmini okuma s\u00fcresi":"1 dakika"},"schema":{"@context":"https:\/\/schema.org","@graph":[{"@type":"WebPage","@id":"https:\/\/inegolosgb.com\/index.php\/iletisim\/","url":"https:\/\/inegolosgb.com\/index.php\/iletisim\/","name":"\u0130leti\u015fim - \u0130negolosgb","isPartOf":{"@id":"https:\/\/inegolosgb.com\/#website"},"datePublished":"2021-10-12T16:27:24+00:00","dateModified":"2025-01-15T10:48:47+00:00","breadcrumb":{"@id":"https:\/\/inegolosgb.com\/index.php\/iletisim\/#breadcrumb"},"inLanguage":"tr","potentialAction":[{"@type":"ReadAction","target":["https:\/\/inegolosgb.com\/index.php\/iletisim\/"]}]},{"@type":"BreadcrumbList","@id":"https:\/\/inegolosgb.com\/index.php\/iletisim\/#breadcrumb","itemListElement":[{"@type":"ListItem","position":1,"name":"Anasayfa","item":"https:\/\/inegolosgb.com\/"},{"@type":"ListItem","position":2,"name":"\u0130leti\u015fim"}]},{"@type":"WebSite","@id":"https:\/\/inegolosgb.com\/#website","url":"https:\/\/inegolosgb.com\/","name":"\u0130negolosgb","description":"","publisher":{"@id":"https:\/\/inegolosgb.com\/#organization"},"potentialAction":[{"@type":"SearchAction","target":{"@type":"EntryPoint","urlTemplate":"https:\/\/inegolosgb.com\/?s={search_term_string}"},"query-input":"required name=search_term_string"}],"inLanguage":"tr"},{"@type":"Organization","@id":"https:\/\/inegolosgb.com\/#organization","name":"\u0130negolosgb","url":"https:\/\/inegolosgb.com\/","logo":{"@type":"ImageObject","inLanguage":"tr","@id":"https:\/\/inegolosgb.com\/#\/schema\/logo\/image\/","url":"https:\/\/i0.wp.com\/inegolosgb.com\/wp-content\/uploads\/2023\/09\/inegolosgb-logo.png?fit=951%2C163&ssl=1","contentUrl":"https:\/\/i0.wp.com\/inegolosgb.com\/wp-content\/uploads\/2023\/09\/inegolosgb-logo.png?fit=951%2C163&ssl=1","width":951,"height":163,"caption":"\u0130negolosgb"},"image":{"@id":"https:\/\/inegolosgb.com\/#\/schema\/logo\/image\/"}}]}},"_links":{"self":[{"href":"https:\/\/inegolosgb.com\/index.php\/wp-json\/wp\/v2\/pages\/4439","targetHints":{"allow":["GET"]}}],"collection":[{"href":"https:\/\/inegolosgb.com\/index.php\/wp-json\/wp\/v2\/pages"}],"about":[{"href":"https:\/\/inegolosgb.com\/index.php\/wp-json\/wp\/v2\/types\/page"}],"author":[{"embeddable":true,"href":"https:\/\/inegolosgb.com\/index.php\/wp-json\/wp\/v2\/users\/1"}],"replies":[{"embeddable":true,"href":"https:\/\/inegolosgb.com\/index.php\/wp-json\/wp\/v2\/comments?post=4439"}],"version-history":[{"count":7,"href":"https:\/\/inegolosgb.com\/index.php\/wp-json\/wp\/v2\/pages\/4439\/revisions"}],"predecessor-version":[{"id":15689,"href":"https:\/\/inegolosgb.com\/index.php\/wp-json\/wp\/v2\/pages\/4439\/revisions\/15689"}],"wp:attachment":[{"href":"https:\/\/inegolosgb.com\/index.php\/wp-json\/wp\/v2\/media?parent=4439"}],"curies":[{"name":"wp","href":"https:\/\/api.w.org\/{rel}","templated":true}]}}